{"id":8655,"date":"2022-05-19T12:33:04","date_gmt":"2022-05-19T12:33:04","guid":{"rendered":"https:\/\/minigolflh.es\/index.php\/contacto\/"},"modified":"2022-10-18T10:31:57","modified_gmt":"2022-10-18T10:31:57","slug":"contacto","status":"publish","type":"page","link":"https:\/\/minigolflh.es\/es\/contacto\/","title":{"rendered":"Contacto"},"content":{"rendered":"\t\t<div data-elementor-type=\"wp-page\" data-elementor-id=\"8655\" class=\"elementor elementor-8655 elementor-6145\">\n\t\t\t\t\t\t<section class=\"elementor-section elementor-top-section elementor-element elementor-element-85f1e55 elementor-section-boxed elementor-section-height-default elementor-section-height-default qodef-elementor-content-no\" data-id=\"85f1e55\" data-element_type=\"section\">\n\t\t\t\t\t\t<div class=\"elementor-container elementor-column-gap-default\">\n\t\t\t\t\t<div class=\"elementor-column elementor-col-100 elementor-top-column elementor-element elementor-element-320facf\" data-id=\"320facf\" data-element_type=\"column\">\n\t\t\t<div class=\"elementor-widget-wrap elementor-element-populated\">\n\t\t\t\t\t\t<div class=\"elementor-element elementor-element-bb3d704 elementor-widget elementor-widget-fairwaygreen_core_section_title\" data-id=\"bb3d704\" data-element_type=\"widget\" data-widget_type=\"fairwaygreen_core_section_title.default\">\n\t\t\t\t<div class=\"elementor-widget-container\">\n\t\t\t\t\t<div class=\"qodef-shortcode qodef-m  qodef-section-title qodef-alignment--center \">\n\t\t<h2 class=\"qodef-m-title\" style=\"color: #F5115C\">\n\t\t\t\t\tC\u00f3mo contactarnos\t\t\t<\/h2>\n\t<\/div>\n\t\t\t\t<\/div>\n\t\t\t\t<\/div>\n\t\t\t\t\t<\/div>\n\t\t<\/div>\n\t\t\t\t\t<\/div>\n\t\t<\/section>\n\t\t\t\t<section class=\"elementor-section elementor-top-section elementor-element elementor-element-8beadc5 elementor-section-boxed elementor-section-height-default elementor-section-height-default qodef-elementor-content-no\" data-id=\"8beadc5\" data-element_type=\"section\">\n\t\t\t\t\t\t<div class=\"elementor-container elementor-column-gap-default\">\n\t\t\t\t\t<div class=\"elementor-column elementor-col-50 elementor-top-column elementor-element elementor-element-10e9500\" data-id=\"10e9500\" data-element_type=\"column\">\n\t\t\t<div class=\"elementor-widget-wrap elementor-element-populated\">\n\t\t\t\t\t\t<div class=\"elementor-element elementor-element-d45acfd elementor-view-default elementor-position-top elementor-mobile-position-top elementor-widget elementor-widget-icon-box\" data-id=\"d45acfd\" data-element_type=\"widget\" data-widget_type=\"icon-box.default\">\n\t\t\t\t<div class=\"elementor-widget-container\">\n\t\t\t\t\t\t\t<div class=\"elementor-icon-box-wrapper\">\n\n\t\t\t\t\t\t<div class=\"elementor-icon-box-icon\">\n\t\t\t\t<span  class=\"elementor-icon\">\n\t\t\t\t<i aria-hidden=\"true\" class=\"fas fa-pencil-alt\"><\/i>\t\t\t\t<\/span>\n\t\t\t<\/div>\n\t\t\t\n\t\t\t\t\t\t<div class=\"elementor-icon-box-content\">\n\n\t\t\t\t\t\t\t\t\t<h3 class=\"elementor-icon-box-title\">\n\t\t\t\t\t\t<span  >\n\t\t\t\t\t\t\tEscr\u00edbenos\t\t\t\t\t\t<\/span>\n\t\t\t\t\t<\/h3>\n\t\t\t\t\n\t\t\t\t\t\t\t\t\t<p class=\"elementor-icon-box-description\">\n\t\t\t\t\t\tPuede contactar con nosotros a trav\u00e9s de whatsapp\/telegram<br>\n(+34) 603 416 632 o<br>\n<a href=\"mailto:contact@minigolflh.es\">env\u00edenos un correo electr\u00f3nico<\/a>\t\t\t\t\t<\/p>\n\t\t\t\t\n\t\t\t<\/div>\n\t\t\t\n\t\t<\/div>\n\t\t\t\t\t\t<\/div>\n\t\t\t\t<\/div>\n\t\t\t\t\t<\/div>\n\t\t<\/div>\n\t\t\t\t<div class=\"elementor-column elementor-col-50 elementor-top-column elementor-element elementor-element-76eb85c\" data-id=\"76eb85c\" data-element_type=\"column\">\n\t\t\t<div class=\"elementor-widget-wrap elementor-element-populated\">\n\t\t\t\t\t\t<div class=\"elementor-element elementor-element-810cdd5 elementor-view-default elementor-position-top elementor-mobile-position-top elementor-widget elementor-widget-icon-box\" data-id=\"810cdd5\" data-element_type=\"widget\" data-widget_type=\"icon-box.default\">\n\t\t\t\t<div class=\"elementor-widget-container\">\n\t\t\t\t\t\t\t<div class=\"elementor-icon-box-wrapper\">\n\n\t\t\t\t\t\t<div class=\"elementor-icon-box-icon\">\n\t\t\t\t<span  class=\"elementor-icon\">\n\t\t\t\t<i aria-hidden=\"true\" class=\"fas fa-mobile-alt\"><\/i>\t\t\t\t<\/span>\n\t\t\t<\/div>\n\t\t\t\n\t\t\t\t\t\t<div class=\"elementor-icon-box-content\">\n\n\t\t\t\t\t\t\t\t\t<h3 class=\"elementor-icon-box-title\">\n\t\t\t\t\t\t<span  >\n\t\t\t\t\t\t\tLl\u00e1menos\t\t\t\t\t\t<\/span>\n\t\t\t\t\t<\/h3>\n\t\t\t\t\n\t\t\t\t\t\t\t\t\t<p class=\"elementor-icon-box-description\">\n\t\t\t\t\t\tSi tiene m\u00e1s preguntas, <br>estaremos encantados de responder a ellas<br>(+34) 603 416 632\t\t\t\t\t<\/p>\n\t\t\t\t\n\t\t\t<\/div>\n\t\t\t\n\t\t<\/div>\n\t\t\t\t\t\t<\/div>\n\t\t\t\t<\/div>\n\t\t\t\t\t<\/div>\n\t\t<\/div>\n\t\t\t\t\t<\/div>\n\t\t<\/section>\n\t\t\t\t<section class=\"elementor-section elementor-top-section elementor-element elementor-element-1ba4d4e elementor-section-boxed elementor-section-height-default elementor-section-height-default qodef-elementor-content-no\" data-id=\"1ba4d4e\" data-element_type=\"section\">\n\t\t\t\t\t\t<div class=\"elementor-container elementor-column-gap-default\">\n\t\t\t\t\t<div class=\"elementor-column elementor-col-100 elementor-top-column elementor-element elementor-element-c52266b\" data-id=\"c52266b\" data-element_type=\"column\">\n\t\t\t<div class=\"elementor-widget-wrap elementor-element-populated\">\n\t\t\t\t\t\t<div class=\"elementor-element elementor-element-d201373 elementor-widget elementor-widget-spacer\" data-id=\"d201373\" data-element_type=\"widget\" data-widget_type=\"spacer.default\">\n\t\t\t\t<div class=\"elementor-widget-container\">\n\t\t\t\t\t\t\t<div class=\"elementor-spacer\">\n\t\t\t<div class=\"elementor-spacer-inner\"><\/div>\n\t\t<\/div>\n\t\t\t\t\t\t<\/div>\n\t\t\t\t<\/div>\n\t\t\t\t\t<\/div>\n\t\t<\/div>\n\t\t\t\t\t<\/div>\n\t\t<\/section>\n\t\t\t\t<section class=\"elementor-section elementor-top-section elementor-element elementor-element-3f23cf93 elementor-section-full_width qodef-elementor-content-grid elementor-section-height-default elementor-section-height-default\" data-id=\"3f23cf93\" data-element_type=\"section\">\n\t\t\t\t\t\t<div class=\"elementor-container elementor-column-gap-default\">\n\t\t\t\t\t<div class=\"elementor-column elementor-col-100 elementor-top-column elementor-element elementor-element-bca3607\" data-id=\"bca3607\" data-element_type=\"column\">\n\t\t\t<div class=\"elementor-widget-wrap elementor-element-populated\">\n\t\t\t\t\t\t<div class=\"elementor-element elementor-element-3a33c2a1 elementor-widget elementor-widget-fairwaygreen_core_section_title\" data-id=\"3a33c2a1\" data-element_type=\"widget\" data-widget_type=\"fairwaygreen_core_section_title.default\">\n\t\t\t\t<div class=\"elementor-widget-container\">\n\t\t\t\t\t<div class=\"qodef-shortcode qodef-m  qodef-section-title qodef-alignment--center \">\n\t\t<h2 class=\"qodef-m-title\" style=\"color: #F5115C\">\n\t\t\t\t\tD\u00f3nde encontrarnos\t\t\t<\/h2>\n\t<\/div>\n\t\t\t\t<\/div>\n\t\t\t\t<\/div>\n\t\t\t\t\t<\/div>\n\t\t<\/div>\n\t\t\t\t\t<\/div>\n\t\t<\/section>\n\t\t\t\t<section class=\"elementor-section elementor-top-section elementor-element elementor-element-b0cb16d elementor-section-boxed elementor-section-height-default elementor-section-height-default qodef-elementor-content-no\" data-id=\"b0cb16d\" data-element_type=\"section\">\n\t\t\t\t\t\t<div class=\"elementor-container elementor-column-gap-default\">\n\t\t\t\t\t<div class=\"elementor-column elementor-col-100 elementor-top-column elementor-element elementor-element-e9caa48\" data-id=\"e9caa48\" data-element_type=\"column\">\n\t\t\t<div class=\"elementor-widget-wrap elementor-element-populated\">\n\t\t\t\t\t\t<div class=\"elementor-element elementor-element-2c3484a elementor-widget elementor-widget-spacer\" data-id=\"2c3484a\" data-element_type=\"widget\" data-widget_type=\"spacer.default\">\n\t\t\t\t<div class=\"elementor-widget-container\">\n\t\t\t\t\t\t\t<div class=\"elementor-spacer\">\n\t\t\t<div class=\"elementor-spacer-inner\"><\/div>\n\t\t<\/div>\n\t\t\t\t\t\t<\/div>\n\t\t\t\t<\/div>\n\t\t\t\t\t<\/div>\n\t\t<\/div>\n\t\t\t\t\t<\/div>\n\t\t<\/section>\n\t\t\t\t<section class=\"elementor-section elementor-top-section elementor-element elementor-element-4e54b04 elementor-section-boxed elementor-section-height-default elementor-section-height-default qodef-elementor-content-no\" data-id=\"4e54b04\" data-element_type=\"section\">\n\t\t\t\t\t\t<div class=\"elementor-container elementor-column-gap-default\">\n\t\t\t\t\t<div class=\"elementor-column elementor-col-100 elementor-top-column elementor-element elementor-element-f34bb4b\" data-id=\"f34bb4b\" data-element_type=\"column\">\n\t\t\t<div class=\"elementor-widget-wrap elementor-element-populated\">\n\t\t\t\t\t\t<div class=\"elementor-element elementor-element-1e412d0 elementor-widget elementor-widget-google_maps\" data-id=\"1e412d0\" data-element_type=\"widget\" data-widget_type=\"google_maps.default\">\n\t\t\t\t<div class=\"elementor-widget-container\">\n\t\t\t\t\t\t\t<div class=\"elementor-custom-embed\">\n\t\t\t<iframe loading=\"lazy\"\n\t\t\t\t\tsrc=\"https:\/\/maps.google.com\/maps?q=Calle%20las%20palomas%2012%20la%20herradura%20granada%20espana&#038;t=m&#038;z=11&#038;output=embed&#038;iwloc=near\"\n\t\t\t\t\ttitle=\"Calle las palomas 12 la herradura granada espana\"\n\t\t\t\t\taria-label=\"Calle las palomas 12 la herradura granada espana\"\n\t\t\t><\/iframe>\n\t\t<\/div>\n\t\t\t\t\t\t<\/div>\n\t\t\t\t<\/div>\n\t\t\t\t\t<\/div>\n\t\t<\/div>\n\t\t\t\t\t<\/div>\n\t\t<\/section>\n\t\t\t\t<\/div>\n\t\t","protected":false},"excerpt":{"rendered":"<p>C\u00f3mo contactarnos Escr\u00edbenos Puede contactar con nosotros a trav\u00e9s de whatsapp\/telegram (+34) 603 416 632 o env\u00edenos un correo electr\u00f3nico Ll\u00e1menos Si tiene m\u00e1s preguntas, estaremos encantados de responder a ellas(+34) 603 416 632 D\u00f3nde encontrarnos<\/p>\n","protected":false},"author":1,"featured_media":0,"parent":0,"menu_order":0,"comment_status":"closed","ping_status":"closed","template":"page-full-width.php","meta":{"footnotes":""},"class_list":["post-8655","page","type-page","status-publish","hentry"],"yoast_head":"<!-- This site is optimized with the Yoast SEO plugin v27.3 - https:\/\/yoast.com\/product\/yoast-seo-wordpress\/ -->\n<title>minigolf. La Herradura \u2013 Contacto<\/title>\n<meta name=\"description\" content=\"Si tienes m\u00e1s preguntas, estaremos encantados de responderlas. Escr\u00edbenos o ll\u00e1manos para obtener la informaci\u00f3n que buscas.\" \/>\n<meta name=\"robots\" content=\"index, follow, max-snippet:-1, max-image-preview:large, max-video-preview:-1\" \/>\n<link rel=\"canonical\" href=\"https:\/\/minigolflh.es\/es\/contacto\/\" \/>\n<meta property=\"og:locale\" content=\"es_ES\" \/>\n<meta property=\"og:type\" content=\"article\" \/>\n<meta property=\"og:title\" content=\"minigolf. La Herradura \u2013 Contacto\" \/>\n<meta property=\"og:description\" content=\"Si tienes m\u00e1s preguntas, estaremos encantados de responderlas. Escr\u00edbenos o ll\u00e1manos para obtener la informaci\u00f3n que buscas.\" \/>\n<meta property=\"og:url\" content=\"https:\/\/minigolflh.es\/es\/contacto\/\" \/>\n<meta property=\"og:site_name\" content=\"minigolf. La Herradura\" \/>\n<meta property=\"article:modified_time\" content=\"2022-10-18T10:31:57+00:00\" \/>\n<meta name=\"twitter:card\" content=\"summary_large_image\" \/>\n<meta name=\"twitter:label1\" content=\"Tiempo de lectura\" \/>\n\t<meta name=\"twitter:data1\" content=\"1 minuto\" \/>\n<script type=\"application\/ld+json\" class=\"yoast-schema-graph\">{\"@context\":\"https:\\\/\\\/schema.org\",\"@graph\":[{\"@type\":\"WebPage\",\"@id\":\"https:\\\/\\\/minigolflh.es\\\/es\\\/contacto\\\/\",\"url\":\"https:\\\/\\\/minigolflh.es\\\/es\\\/contacto\\\/\",\"name\":\"minigolf. La Herradura \u2013 Contacto\",\"isPartOf\":{\"@id\":\"https:\\\/\\\/minigolflh.es\\\/es\\\/#website\"},\"datePublished\":\"2022-05-19T12:33:04+00:00\",\"dateModified\":\"2022-10-18T10:31:57+00:00\",\"description\":\"Si tienes m\u00e1s preguntas, estaremos encantados de responderlas. Escr\u00edbenos o ll\u00e1manos para obtener la informaci\u00f3n que buscas.\",\"breadcrumb\":{\"@id\":\"https:\\\/\\\/minigolflh.es\\\/es\\\/contacto\\\/#breadcrumb\"},\"inLanguage\":\"es\",\"potentialAction\":[{\"@type\":\"ReadAction\",\"target\":[\"https:\\\/\\\/minigolflh.es\\\/es\\\/contacto\\\/\"]}]},{\"@type\":\"BreadcrumbList\",\"@id\":\"https:\\\/\\\/minigolflh.es\\\/es\\\/contacto\\\/#breadcrumb\",\"itemListElement\":[{\"@type\":\"ListItem\",\"position\":1,\"name\":\"Home\",\"item\":\"https:\\\/\\\/minigolflh.es\\\/es\\\/\"},{\"@type\":\"ListItem\",\"position\":2,\"name\":\"Contacto\"}]},{\"@type\":\"WebSite\",\"@id\":\"https:\\\/\\\/minigolflh.es\\\/es\\\/#website\",\"url\":\"https:\\\/\\\/minigolflh.es\\\/es\\\/\",\"name\":\"minigolf. La Herradura\",\"description\":\"\",\"publisher\":{\"@id\":\"https:\\\/\\\/minigolflh.es\\\/es\\\/#organization\"},\"potentialAction\":[{\"@type\":\"SearchAction\",\"target\":{\"@type\":\"EntryPoint\",\"urlTemplate\":\"https:\\\/\\\/minigolflh.es\\\/es\\\/?s={search_term_string}\"},\"query-input\":{\"@type\":\"PropertyValueSpecification\",\"valueRequired\":true,\"valueName\":\"search_term_string\"}}],\"inLanguage\":\"es\"},{\"@type\":\"Organization\",\"@id\":\"https:\\\/\\\/minigolflh.es\\\/es\\\/#organization\",\"name\":\"minigolf La Herradura\",\"url\":\"https:\\\/\\\/minigolflh.es\\\/es\\\/\",\"logo\":{\"@type\":\"ImageObject\",\"inLanguage\":\"es\",\"@id\":\"https:\\\/\\\/minigolflh.es\\\/es\\\/#\\\/schema\\\/logo\\\/image\\\/\",\"url\":\"https:\\\/\\\/minigolflh.es\\\/wp-content\\\/uploads\\\/2022\\\/04\\\/logo_green.jpg\",\"contentUrl\":\"https:\\\/\\\/minigolflh.es\\\/wp-content\\\/uploads\\\/2022\\\/04\\\/logo_green.jpg\",\"width\":339,\"height\":164,\"caption\":\"minigolf La Herradura\"},\"image\":{\"@id\":\"https:\\\/\\\/minigolflh.es\\\/es\\\/#\\\/schema\\\/logo\\\/image\\\/\"},\"sameAs\":[\"https:\\\/\\\/www.instagram.com\\\/minigolf.lh\\\/\",\"https:\\\/\\\/g.page\\\/r\\\/CeylLSIeEw9BEAE\"]}]}<\/script>\n<!-- \/ Yoast SEO plugin. -->","yoast_head_json":{"title":"minigolf. La Herradura \u2013 Contacto","description":"Si tienes m\u00e1s preguntas, estaremos encantados de responderlas. Escr\u00edbenos o ll\u00e1manos para obtener la informaci\u00f3n que buscas.","robots":{"index":"index","follow":"follow","max-snippet":"max-snippet:-1","max-image-preview":"max-image-preview:large","max-video-preview":"max-video-preview:-1"},"canonical":"https:\/\/minigolflh.es\/es\/contacto\/","og_locale":"es_ES","og_type":"article","og_title":"minigolf. La Herradura \u2013 Contacto","og_description":"Si tienes m\u00e1s preguntas, estaremos encantados de responderlas. Escr\u00edbenos o ll\u00e1manos para obtener la informaci\u00f3n que buscas.","og_url":"https:\/\/minigolflh.es\/es\/contacto\/","og_site_name":"minigolf. La Herradura","article_modified_time":"2022-10-18T10:31:57+00:00","twitter_card":"summary_large_image","twitter_misc":{"Tiempo de lectura":"1 minuto"},"schema":{"@context":"https:\/\/schema.org","@graph":[{"@type":"WebPage","@id":"https:\/\/minigolflh.es\/es\/contacto\/","url":"https:\/\/minigolflh.es\/es\/contacto\/","name":"minigolf. La Herradura \u2013 Contacto","isPartOf":{"@id":"https:\/\/minigolflh.es\/es\/#website"},"datePublished":"2022-05-19T12:33:04+00:00","dateModified":"2022-10-18T10:31:57+00:00","description":"Si tienes m\u00e1s preguntas, estaremos encantados de responderlas. Escr\u00edbenos o ll\u00e1manos para obtener la informaci\u00f3n que buscas.","breadcrumb":{"@id":"https:\/\/minigolflh.es\/es\/contacto\/#breadcrumb"},"inLanguage":"es","potentialAction":[{"@type":"ReadAction","target":["https:\/\/minigolflh.es\/es\/contacto\/"]}]},{"@type":"BreadcrumbList","@id":"https:\/\/minigolflh.es\/es\/contacto\/#breadcrumb","itemListElement":[{"@type":"ListItem","position":1,"name":"Home","item":"https:\/\/minigolflh.es\/es\/"},{"@type":"ListItem","position":2,"name":"Contacto"}]},{"@type":"WebSite","@id":"https:\/\/minigolflh.es\/es\/#website","url":"https:\/\/minigolflh.es\/es\/","name":"minigolf. La Herradura","description":"","publisher":{"@id":"https:\/\/minigolflh.es\/es\/#organization"},"potentialAction":[{"@type":"SearchAction","target":{"@type":"EntryPoint","urlTemplate":"https:\/\/minigolflh.es\/es\/?s={search_term_string}"},"query-input":{"@type":"PropertyValueSpecification","valueRequired":true,"valueName":"search_term_string"}}],"inLanguage":"es"},{"@type":"Organization","@id":"https:\/\/minigolflh.es\/es\/#organization","name":"minigolf La Herradura","url":"https:\/\/minigolflh.es\/es\/","logo":{"@type":"ImageObject","inLanguage":"es","@id":"https:\/\/minigolflh.es\/es\/#\/schema\/logo\/image\/","url":"https:\/\/minigolflh.es\/wp-content\/uploads\/2022\/04\/logo_green.jpg","contentUrl":"https:\/\/minigolflh.es\/wp-content\/uploads\/2022\/04\/logo_green.jpg","width":339,"height":164,"caption":"minigolf La Herradura"},"image":{"@id":"https:\/\/minigolflh.es\/es\/#\/schema\/logo\/image\/"},"sameAs":["https:\/\/www.instagram.com\/minigolf.lh\/","https:\/\/g.page\/r\/CeylLSIeEw9BEAE"]}]}},"jetpack_sharing_enabled":true,"_links":{"self":[{"href":"https:\/\/minigolflh.es\/es\/wp-json\/wp\/v2\/pages\/8655","targetHints":{"allow":["GET"]}}],"collection":[{"href":"https:\/\/minigolflh.es\/es\/wp-json\/wp\/v2\/pages"}],"about":[{"href":"https:\/\/minigolflh.es\/es\/wp-json\/wp\/v2\/types\/page"}],"author":[{"embeddable":true,"href":"https:\/\/minigolflh.es\/es\/wp-json\/wp\/v2\/users\/1"}],"replies":[{"embeddable":true,"href":"https:\/\/minigolflh.es\/es\/wp-json\/wp\/v2\/comments?post=8655"}],"version-history":[{"count":11,"href":"https:\/\/minigolflh.es\/es\/wp-json\/wp\/v2\/pages\/8655\/revisions"}],"predecessor-version":[{"id":9067,"href":"https:\/\/minigolflh.es\/es\/wp-json\/wp\/v2\/pages\/8655\/revisions\/9067"}],"wp:attachment":[{"href":"https:\/\/minigolflh.es\/es\/wp-json\/wp\/v2\/media?parent=8655"}],"curies":[{"name":"wp","href":"https:\/\/api.w.org\/{rel}","templated":true}]}}