{"id":8658,"date":"2022-05-19T12:32:33","date_gmt":"2022-05-19T12:32:33","guid":{"rendered":"https:\/\/minigolflh.es\/index.php\/socio\/"},"modified":"2022-09-19T09:08:29","modified_gmt":"2022-09-19T09:08:29","slug":"socio","status":"publish","type":"page","link":"https:\/\/minigolflh.es\/es\/socio\/","title":{"rendered":"Patrocinadores"},"content":{"rendered":"\t\t<div data-elementor-type=\"wp-page\" data-elementor-id=\"8658\" class=\"elementor elementor-8658 elementor-6143\">\n\t\t\t\t\t\t<section class=\"elementor-section elementor-top-section elementor-element elementor-element-85f1e55 elementor-section-boxed elementor-section-height-default elementor-section-height-default qodef-elementor-content-no\" data-id=\"85f1e55\" data-element_type=\"section\">\n\t\t\t\t\t\t<div class=\"elementor-container elementor-column-gap-default\">\n\t\t\t\t\t<div class=\"elementor-column elementor-col-100 elementor-top-column elementor-element elementor-element-320facf\" data-id=\"320facf\" data-element_type=\"column\">\n\t\t\t<div class=\"elementor-widget-wrap elementor-element-populated\">\n\t\t\t\t\t\t<div class=\"elementor-element elementor-element-bb3d704 elementor-widget elementor-widget-fairwaygreen_core_section_title\" data-id=\"bb3d704\" data-element_type=\"widget\" data-widget_type=\"fairwaygreen_core_section_title.default\">\n\t\t\t\t<div class=\"elementor-widget-container\">\n\t\t\t\t\t<div class=\"qodef-shortcode qodef-m  qodef-section-title qodef-alignment--center \">\n\t\t<h2 class=\"qodef-m-title\" >\n\t\t\t\t\tNuestros patrocinadores\t\t\t<\/h2>\n\t<\/div>\n\t\t\t\t<\/div>\n\t\t\t\t<\/div>\n\t\t\t\t\t<\/div>\n\t\t<\/div>\n\t\t\t\t\t<\/div>\n\t\t<\/section>\n\t\t\t\t<section class=\"elementor-section elementor-top-section elementor-element elementor-element-9b7962b elementor-section-boxed elementor-section-height-default elementor-section-height-default qodef-elementor-content-no\" data-id=\"9b7962b\" data-element_type=\"section\">\n\t\t\t\t\t\t<div class=\"elementor-container elementor-column-gap-default\">\n\t\t\t\t\t<div class=\"elementor-column elementor-col-100 elementor-top-column elementor-element elementor-element-85e6d79\" data-id=\"85e6d79\" data-element_type=\"column\">\n\t\t\t<div class=\"elementor-widget-wrap elementor-element-populated\">\n\t\t\t\t\t\t<div class=\"elementor-element elementor-element-8a8d30d elementor-widget elementor-widget-fairwaygreen_core_section_title\" data-id=\"8a8d30d\" data-element_type=\"widget\" data-widget_type=\"fairwaygreen_core_section_title.default\">\n\t\t\t\t<div class=\"elementor-widget-container\">\n\t\t\t\t\t<div class=\"qodef-shortcode qodef-m  qodef-section-title qodef-alignment--center \">\n\t\t<h2 class=\"qodef-m-title\" >\n\t\t\t\t\t\u2022 patrocinio premium \u2022\t\t\t<\/h2>\n\t<\/div>\n\t\t\t\t<\/div>\n\t\t\t\t<\/div>\n\t\t\t\t\t<\/div>\n\t\t<\/div>\n\t\t\t\t\t<\/div>\n\t\t<\/section>\n\t\t\t\t<section class=\"elementor-section elementor-top-section elementor-element elementor-element-05184ef elementor-section-boxed elementor-section-height-default elementor-section-height-default qodef-elementor-content-no\" data-id=\"05184ef\" data-element_type=\"section\">\n\t\t\t\t\t\t<div class=\"elementor-container elementor-column-gap-default\">\n\t\t\t\t\t<div class=\"elementor-column elementor-col-33 elementor-top-column elementor-element elementor-element-b3cabe6\" data-id=\"b3cabe6\" data-element_type=\"column\">\n\t\t\t<div class=\"elementor-widget-wrap elementor-element-populated\">\n\t\t\t\t\t\t<div class=\"elementor-element elementor-element-3c6fe0e elementor-widget elementor-widget-fairwaygreen_core_image_with_text\" data-id=\"3c6fe0e\" data-element_type=\"widget\" data-widget_type=\"fairwaygreen_core_image_with_text.default\">\n\t\t\t\t<div class=\"elementor-widget-container\">\n\t\t\t\t\t<div class=\"qodef-shortcode qodef-m  qodef-image-with-text qodef-layout--text-below qodef-image-action--custom-link qodef-has-border\">\n\t<div class=\"qodef-m-image\">\n\t\t\t\t<a itemprop=\"url\" href=\"http:\/\/www.dentadanes.com\" target=\"_blank\">\n\t\t\t<img fetchpriority=\"high\" decoding=\"async\" width=\"688\" height=\"1047\" src=\"https:\/\/minigolflh.es\/wp-content\/uploads\/2022\/07\/Dentadanes-New-Advert-May-2019.jpg\" class=\"attachment-full size-full\" alt=\"\" srcset=\"https:\/\/minigolflh.es\/wp-content\/uploads\/2022\/07\/Dentadanes-New-Advert-May-2019.jpg 688w, https:\/\/minigolflh.es\/wp-content\/uploads\/2022\/07\/Dentadanes-New-Advert-May-2019-197x300.jpg 197w, https:\/\/minigolflh.es\/wp-content\/uploads\/2022\/07\/Dentadanes-New-Advert-May-2019-673x1024.jpg 673w, https:\/\/minigolflh.es\/wp-content\/uploads\/2022\/07\/Dentadanes-New-Advert-May-2019-600x913.jpg 600w\" sizes=\"(max-width: 688px) 100vw, 688px\" \/>\t\t\t<\/a>\n\t\t\t\t<\/div>\n\t<div class=\"qodef-m-content\">\n\t\t\t\t\t<\/div>\n<\/div>\n\t\t\t\t<\/div>\n\t\t\t\t<\/div>\n\t\t\t\t\t<\/div>\n\t\t<\/div>\n\t\t\t\t<div class=\"elementor-column elementor-col-33 elementor-top-column elementor-element elementor-element-e73e737\" data-id=\"e73e737\" data-element_type=\"column\">\n\t\t\t<div class=\"elementor-widget-wrap elementor-element-populated\">\n\t\t\t\t\t\t<div class=\"elementor-element elementor-element-4560062 elementor-widget elementor-widget-fairwaygreen_core_image_with_text\" data-id=\"4560062\" data-element_type=\"widget\" data-widget_type=\"fairwaygreen_core_image_with_text.default\">\n\t\t\t\t<div class=\"elementor-widget-container\">\n\t\t\t\t\t<div class=\"qodef-shortcode qodef-m  qodef-image-with-text qodef-layout--text-below  qodef-has-border\">\n\t<div class=\"qodef-m-image\">\n\t\t\t\t\t\t\t\t<\/div>\n\t<div class=\"qodef-m-content\">\n\t\t\t\t\t<p class=\"qodef-m-text\" >\u00bfDesea convertirse en socio premium? Si est\u00e1 interesado, p\u00f3ngase en contacto con nosotros.<\/p>\n\t<\/div>\n<\/div>\n\t\t\t\t<\/div>\n\t\t\t\t<\/div>\n\t\t\t\t\t<\/div>\n\t\t<\/div>\n\t\t\t\t<div class=\"elementor-column elementor-col-33 elementor-top-column elementor-element elementor-element-43fa90d\" data-id=\"43fa90d\" data-element_type=\"column\">\n\t\t\t<div class=\"elementor-widget-wrap elementor-element-populated\">\n\t\t\t\t\t\t<div class=\"elementor-element elementor-element-4ff5a34 elementor-widget elementor-widget-fairwaygreen_core_image_with_text\" data-id=\"4ff5a34\" data-element_type=\"widget\" data-widget_type=\"fairwaygreen_core_image_with_text.default\">\n\t\t\t\t<div class=\"elementor-widget-container\">\n\t\t\t\t\t<div class=\"qodef-shortcode qodef-m  qodef-image-with-text qodef-layout--text-below  qodef-has-border\">\n\t<div class=\"qodef-m-image\">\n\t\t\t\t\t\t\t\t<\/div>\n\t<div class=\"qodef-m-content\">\n\t\t\t\t\t<\/div>\n<\/div>\n\t\t\t\t<\/div>\n\t\t\t\t<\/div>\n\t\t\t\t\t<\/div>\n\t\t<\/div>\n\t\t\t\t\t<\/div>\n\t\t<\/section>\n\t\t\t\t<section class=\"elementor-section elementor-top-section elementor-element elementor-element-a221620 elementor-section-boxed elementor-section-height-default elementor-section-height-default qodef-elementor-content-no\" data-id=\"a221620\" data-element_type=\"section\">\n\t\t\t\t\t\t<div class=\"elementor-container elementor-column-gap-default\">\n\t\t\t\t\t<div class=\"elementor-column elementor-col-100 elementor-top-column elementor-element elementor-element-c0025eb\" data-id=\"c0025eb\" data-element_type=\"column\">\n\t\t\t<div class=\"elementor-widget-wrap elementor-element-populated\">\n\t\t\t\t\t\t<div class=\"elementor-element elementor-element-be79f76 elementor-widget elementor-widget-spacer\" data-id=\"be79f76\" data-element_type=\"widget\" data-widget_type=\"spacer.default\">\n\t\t\t\t<div class=\"elementor-widget-container\">\n\t\t\t\t\t\t\t<div class=\"elementor-spacer\">\n\t\t\t<div class=\"elementor-spacer-inner\"><\/div>\n\t\t<\/div>\n\t\t\t\t\t\t<\/div>\n\t\t\t\t<\/div>\n\t\t\t\t<div class=\"elementor-element elementor-element-0a2e7bb elementor-widget elementor-widget-fairwaygreen_core_section_title\" data-id=\"0a2e7bb\" data-element_type=\"widget\" data-widget_type=\"fairwaygreen_core_section_title.default\">\n\t\t\t\t<div class=\"elementor-widget-container\">\n\t\t\t\t\t<div class=\"qodef-shortcode qodef-m  qodef-section-title qodef-alignment--center \">\n\t\t<h2 class=\"qodef-m-title\" >\n\t\t\t\t\t\u2022 patrocinio del hoyo \u2022<br \/>\t\t\t<\/h2>\n\t<\/div>\n\t\t\t\t<\/div>\n\t\t\t\t<\/div>\n\t\t\t\t\t<\/div>\n\t\t<\/div>\n\t\t\t\t\t<\/div>\n\t\t<\/section>\n\t\t\t\t<section class=\"elementor-section elementor-top-section elementor-element elementor-element-c222b51 elementor-section-boxed elementor-section-height-default elementor-section-height-default qodef-elementor-content-no\" data-id=\"c222b51\" data-element_type=\"section\">\n\t\t\t\t\t\t<div class=\"elementor-container elementor-column-gap-default\">\n\t\t\t\t\t<div class=\"elementor-column elementor-col-33 elementor-top-column elementor-element elementor-element-d21f25b\" data-id=\"d21f25b\" data-element_type=\"column\">\n\t\t\t<div class=\"elementor-widget-wrap elementor-element-populated\">\n\t\t\t\t\t\t<div class=\"elementor-element elementor-element-037a56f elementor-widget elementor-widget-fairwaygreen_core_image_with_text\" data-id=\"037a56f\" data-element_type=\"widget\" data-widget_type=\"fairwaygreen_core_image_with_text.default\">\n\t\t\t\t<div class=\"elementor-widget-container\">\n\t\t\t\t\t<div class=\"qodef-shortcode qodef-m  qodef-image-with-text qodef-layout--text-below qodef-image-action--custom-link qodef-has-border\">\n\t<div class=\"qodef-m-image\">\n\t\t\t\t<a itemprop=\"url\" href=\"http:\/\/www.dentadanes.com\" target=\"_blank\">\n\t\t\t<img decoding=\"async\" src=\"https:\/\/minigolflh.es\/wp-content\/uploads\/2022\/07\/logo_dentalclinic-900x300.png\" alt=\"\" width=\"900\" height=\"300\" data-ratio=\"3\" \/>\t\t\t<\/a>\n\t\t\t\t<\/div>\n\t<div class=\"qodef-m-content\">\n\t\t\t\t\t<\/div>\n<\/div>\n\t\t\t\t<\/div>\n\t\t\t\t<\/div>\n\t\t\t\t\t<\/div>\n\t\t<\/div>\n\t\t\t\t<div class=\"elementor-column elementor-col-33 elementor-top-column elementor-element elementor-element-844d068\" data-id=\"844d068\" data-element_type=\"column\">\n\t\t\t<div class=\"elementor-widget-wrap elementor-element-populated\">\n\t\t\t\t\t\t<div class=\"elementor-element elementor-element-8b9f9c4 elementor-widget elementor-widget-fairwaygreen_core_image_with_text\" data-id=\"8b9f9c4\" data-element_type=\"widget\" data-widget_type=\"fairwaygreen_core_image_with_text.default\">\n\t\t\t\t<div class=\"elementor-widget-container\">\n\t\t\t\t\t<div class=\"qodef-shortcode qodef-m  qodef-image-with-text qodef-layout--text-below  qodef-has-border\">\n\t<div class=\"qodef-m-image\">\n\t\t\t\t\t\t\t\t<\/div>\n\t<div class=\"qodef-m-content\">\n\t\t\t\t\t<p class=\"qodef-m-text\" >\u00bfO le gustar\u00eda patrocinar uno de nuestros hoyos? Si est\u00e1 interesado en anunciar su negocio en nuestras instalaciones, p\u00f3ngase en contacto con nosotros.<\/p>\n\t<\/div>\n<\/div>\n\t\t\t\t<\/div>\n\t\t\t\t<\/div>\n\t\t\t\t\t<\/div>\n\t\t<\/div>\n\t\t\t\t<div class=\"elementor-column elementor-col-33 elementor-top-column elementor-element elementor-element-10ff5d5\" data-id=\"10ff5d5\" data-element_type=\"column\">\n\t\t\t<div class=\"elementor-widget-wrap elementor-element-populated\">\n\t\t\t\t\t\t<div class=\"elementor-element elementor-element-11ea703 elementor-widget elementor-widget-fairwaygreen_core_image_with_text\" data-id=\"11ea703\" data-element_type=\"widget\" data-widget_type=\"fairwaygreen_core_image_with_text.default\">\n\t\t\t\t<div class=\"elementor-widget-container\">\n\t\t\t\t\t<div class=\"qodef-shortcode qodef-m  qodef-image-with-text qodef-layout--text-below qodef-image-action--custom-link qodef-has-border\">\n\t<div class=\"qodef-m-image\">\n\t\t\t\t<a itemprop=\"url\" href=\"http:\/\/www.grafosaqui.com\" target=\"_blank\">\n\t\t\t<img decoding=\"async\" src=\"https:\/\/minigolflh.es\/wp-content\/uploads\/2022\/08\/logo_grafosaqui_hor-500x300.jpg\" alt=\"\" width=\"500\" height=\"300\" data-ratio=\"1.6666666666667\" \/>\t\t\t<\/a>\n\t\t\t\t<\/div>\n\t<div class=\"qodef-m-content\">\n\t\t\t\t\t<\/div>\n<\/div>\n\t\t\t\t<\/div>\n\t\t\t\t<\/div>\n\t\t\t\t\t<\/div>\n\t\t<\/div>\n\t\t\t\t\t<\/div>\n\t\t<\/section>\n\t\t\t\t<\/div>\n\t\t","protected":false},"excerpt":{"rendered":"<p>Nuestros patrocinadores \u2022 patrocinio premium \u2022 \u00bfDesea convertirse en socio premium? Si est\u00e1 interesado, p\u00f3ngase en contacto con nosotros. \u2022 patrocinio del hoyo \u2022 \u00bfO le gustar\u00eda patrocinar uno de nuestros hoyos? Si est\u00e1 interesado en anunciar su negocio en nuestras instalaciones, p\u00f3ngase en contacto con nosotros.<\/p>\n","protected":false},"author":1,"featured_media":0,"parent":0,"menu_order":0,"comment_status":"closed","ping_status":"closed","template":"page-full-width.php","meta":{"footnotes":""},"class_list":["post-8658","page","type-page","status-publish","hentry"],"yoast_head":"<!-- This site is optimized with the Yoast SEO plugin v27.3 - https:\/\/yoast.com\/product\/yoast-seo-wordpress\/ -->\n<title>minigolf. La Herradura \u2013 Patrocinadores<\/title>\n<meta name=\"description\" content=\"\u00bfDesea convertirse en socio premium o quiere patrocinar uno de nuestros hoyos? Si est\u00e1s interesado en publicitar su negocio...\" \/>\n<meta name=\"robots\" content=\"index, follow, max-snippet:-1, max-image-preview:large, max-video-preview:-1\" \/>\n<link rel=\"canonical\" href=\"https:\/\/minigolflh.es\/es\/socio\/\" \/>\n<meta property=\"og:locale\" content=\"es_ES\" \/>\n<meta property=\"og:type\" content=\"article\" \/>\n<meta property=\"og:title\" content=\"minigolf. La Herradura \u2013 Patrocinadores\" \/>\n<meta property=\"og:description\" content=\"\u00bfDesea convertirse en socio premium o quiere patrocinar uno de nuestros hoyos? Si est\u00e1s interesado en publicitar su negocio...\" \/>\n<meta property=\"og:url\" content=\"https:\/\/minigolflh.es\/es\/socio\/\" \/>\n<meta property=\"og:site_name\" content=\"minigolf. La Herradura\" \/>\n<meta property=\"article:modified_time\" content=\"2022-09-19T09:08:29+00:00\" \/>\n<meta property=\"og:image\" content=\"https:\/\/minigolflh.es\/wp-content\/uploads\/2022\/07\/Dentadanes-New-Advert-May-2019.jpg\" \/>\n<meta name=\"twitter:card\" content=\"summary_large_image\" \/>\n<meta name=\"twitter:label1\" content=\"Tiempo de lectura\" \/>\n\t<meta name=\"twitter:data1\" content=\"1 minuto\" \/>\n<script type=\"application\/ld+json\" class=\"yoast-schema-graph\">{\"@context\":\"https:\\\/\\\/schema.org\",\"@graph\":[{\"@type\":\"WebPage\",\"@id\":\"https:\\\/\\\/minigolflh.es\\\/es\\\/socio\\\/\",\"url\":\"https:\\\/\\\/minigolflh.es\\\/es\\\/socio\\\/\",\"name\":\"minigolf. La Herradura \u2013 Patrocinadores\",\"isPartOf\":{\"@id\":\"https:\\\/\\\/minigolflh.es\\\/es\\\/#website\"},\"primaryImageOfPage\":{\"@id\":\"https:\\\/\\\/minigolflh.es\\\/es\\\/socio\\\/#primaryimage\"},\"image\":{\"@id\":\"https:\\\/\\\/minigolflh.es\\\/es\\\/socio\\\/#primaryimage\"},\"thumbnailUrl\":\"https:\\\/\\\/minigolflh.es\\\/wp-content\\\/uploads\\\/2022\\\/07\\\/Dentadanes-New-Advert-May-2019.jpg\",\"datePublished\":\"2022-05-19T12:32:33+00:00\",\"dateModified\":\"2022-09-19T09:08:29+00:00\",\"description\":\"\u00bfDesea convertirse en socio premium o quiere patrocinar uno de nuestros hoyos? Si est\u00e1s interesado en publicitar su negocio...\",\"breadcrumb\":{\"@id\":\"https:\\\/\\\/minigolflh.es\\\/es\\\/socio\\\/#breadcrumb\"},\"inLanguage\":\"es\",\"potentialAction\":[{\"@type\":\"ReadAction\",\"target\":[\"https:\\\/\\\/minigolflh.es\\\/es\\\/socio\\\/\"]}]},{\"@type\":\"ImageObject\",\"inLanguage\":\"es\",\"@id\":\"https:\\\/\\\/minigolflh.es\\\/es\\\/socio\\\/#primaryimage\",\"url\":\"https:\\\/\\\/minigolflh.es\\\/wp-content\\\/uploads\\\/2022\\\/07\\\/Dentadanes-New-Advert-May-2019.jpg\",\"contentUrl\":\"https:\\\/\\\/minigolflh.es\\\/wp-content\\\/uploads\\\/2022\\\/07\\\/Dentadanes-New-Advert-May-2019.jpg\"},{\"@type\":\"BreadcrumbList\",\"@id\":\"https:\\\/\\\/minigolflh.es\\\/es\\\/socio\\\/#breadcrumb\",\"itemListElement\":[{\"@type\":\"ListItem\",\"position\":1,\"name\":\"Home\",\"item\":\"https:\\\/\\\/minigolflh.es\\\/es\\\/\"},{\"@type\":\"ListItem\",\"position\":2,\"name\":\"Patrocinadores\"}]},{\"@type\":\"WebSite\",\"@id\":\"https:\\\/\\\/minigolflh.es\\\/es\\\/#website\",\"url\":\"https:\\\/\\\/minigolflh.es\\\/es\\\/\",\"name\":\"minigolf. La Herradura\",\"description\":\"\",\"publisher\":{\"@id\":\"https:\\\/\\\/minigolflh.es\\\/es\\\/#organization\"},\"potentialAction\":[{\"@type\":\"SearchAction\",\"target\":{\"@type\":\"EntryPoint\",\"urlTemplate\":\"https:\\\/\\\/minigolflh.es\\\/es\\\/?s={search_term_string}\"},\"query-input\":{\"@type\":\"PropertyValueSpecification\",\"valueRequired\":true,\"valueName\":\"search_term_string\"}}],\"inLanguage\":\"es\"},{\"@type\":\"Organization\",\"@id\":\"https:\\\/\\\/minigolflh.es\\\/es\\\/#organization\",\"name\":\"minigolf La Herradura\",\"url\":\"https:\\\/\\\/minigolflh.es\\\/es\\\/\",\"logo\":{\"@type\":\"ImageObject\",\"inLanguage\":\"es\",\"@id\":\"https:\\\/\\\/minigolflh.es\\\/es\\\/#\\\/schema\\\/logo\\\/image\\\/\",\"url\":\"https:\\\/\\\/minigolflh.es\\\/wp-content\\\/uploads\\\/2022\\\/04\\\/logo_green.jpg\",\"contentUrl\":\"https:\\\/\\\/minigolflh.es\\\/wp-content\\\/uploads\\\/2022\\\/04\\\/logo_green.jpg\",\"width\":339,\"height\":164,\"caption\":\"minigolf La Herradura\"},\"image\":{\"@id\":\"https:\\\/\\\/minigolflh.es\\\/es\\\/#\\\/schema\\\/logo\\\/image\\\/\"},\"sameAs\":[\"https:\\\/\\\/www.instagram.com\\\/minigolf.lh\\\/\",\"https:\\\/\\\/g.page\\\/r\\\/CeylLSIeEw9BEAE\"]}]}<\/script>\n<!-- \/ Yoast SEO plugin. -->","yoast_head_json":{"title":"minigolf. La Herradura \u2013 Patrocinadores","description":"\u00bfDesea convertirse en socio premium o quiere patrocinar uno de nuestros hoyos? Si est\u00e1s interesado en publicitar su negocio...","robots":{"index":"index","follow":"follow","max-snippet":"max-snippet:-1","max-image-preview":"max-image-preview:large","max-video-preview":"max-video-preview:-1"},"canonical":"https:\/\/minigolflh.es\/es\/socio\/","og_locale":"es_ES","og_type":"article","og_title":"minigolf. La Herradura \u2013 Patrocinadores","og_description":"\u00bfDesea convertirse en socio premium o quiere patrocinar uno de nuestros hoyos? Si est\u00e1s interesado en publicitar su negocio...","og_url":"https:\/\/minigolflh.es\/es\/socio\/","og_site_name":"minigolf. La Herradura","article_modified_time":"2022-09-19T09:08:29+00:00","og_image":[{"url":"https:\/\/minigolflh.es\/wp-content\/uploads\/2022\/07\/Dentadanes-New-Advert-May-2019.jpg","type":"","width":"","height":""}],"twitter_card":"summary_large_image","twitter_misc":{"Tiempo de lectura":"1 minuto"},"schema":{"@context":"https:\/\/schema.org","@graph":[{"@type":"WebPage","@id":"https:\/\/minigolflh.es\/es\/socio\/","url":"https:\/\/minigolflh.es\/es\/socio\/","name":"minigolf. La Herradura \u2013 Patrocinadores","isPartOf":{"@id":"https:\/\/minigolflh.es\/es\/#website"},"primaryImageOfPage":{"@id":"https:\/\/minigolflh.es\/es\/socio\/#primaryimage"},"image":{"@id":"https:\/\/minigolflh.es\/es\/socio\/#primaryimage"},"thumbnailUrl":"https:\/\/minigolflh.es\/wp-content\/uploads\/2022\/07\/Dentadanes-New-Advert-May-2019.jpg","datePublished":"2022-05-19T12:32:33+00:00","dateModified":"2022-09-19T09:08:29+00:00","description":"\u00bfDesea convertirse en socio premium o quiere patrocinar uno de nuestros hoyos? Si est\u00e1s interesado en publicitar su negocio...","breadcrumb":{"@id":"https:\/\/minigolflh.es\/es\/socio\/#breadcrumb"},"inLanguage":"es","potentialAction":[{"@type":"ReadAction","target":["https:\/\/minigolflh.es\/es\/socio\/"]}]},{"@type":"ImageObject","inLanguage":"es","@id":"https:\/\/minigolflh.es\/es\/socio\/#primaryimage","url":"https:\/\/minigolflh.es\/wp-content\/uploads\/2022\/07\/Dentadanes-New-Advert-May-2019.jpg","contentUrl":"https:\/\/minigolflh.es\/wp-content\/uploads\/2022\/07\/Dentadanes-New-Advert-May-2019.jpg"},{"@type":"BreadcrumbList","@id":"https:\/\/minigolflh.es\/es\/socio\/#breadcrumb","itemListElement":[{"@type":"ListItem","position":1,"name":"Home","item":"https:\/\/minigolflh.es\/es\/"},{"@type":"ListItem","position":2,"name":"Patrocinadores"}]},{"@type":"WebSite","@id":"https:\/\/minigolflh.es\/es\/#website","url":"https:\/\/minigolflh.es\/es\/","name":"minigolf. La Herradura","description":"","publisher":{"@id":"https:\/\/minigolflh.es\/es\/#organization"},"potentialAction":[{"@type":"SearchAction","target":{"@type":"EntryPoint","urlTemplate":"https:\/\/minigolflh.es\/es\/?s={search_term_string}"},"query-input":{"@type":"PropertyValueSpecification","valueRequired":true,"valueName":"search_term_string"}}],"inLanguage":"es"},{"@type":"Organization","@id":"https:\/\/minigolflh.es\/es\/#organization","name":"minigolf La Herradura","url":"https:\/\/minigolflh.es\/es\/","logo":{"@type":"ImageObject","inLanguage":"es","@id":"https:\/\/minigolflh.es\/es\/#\/schema\/logo\/image\/","url":"https:\/\/minigolflh.es\/wp-content\/uploads\/2022\/04\/logo_green.jpg","contentUrl":"https:\/\/minigolflh.es\/wp-content\/uploads\/2022\/04\/logo_green.jpg","width":339,"height":164,"caption":"minigolf La Herradura"},"image":{"@id":"https:\/\/minigolflh.es\/es\/#\/schema\/logo\/image\/"},"sameAs":["https:\/\/www.instagram.com\/minigolf.lh\/","https:\/\/g.page\/r\/CeylLSIeEw9BEAE"]}]}},"jetpack_sharing_enabled":true,"_links":{"self":[{"href":"https:\/\/minigolflh.es\/es\/wp-json\/wp\/v2\/pages\/8658","targetHints":{"allow":["GET"]}}],"collection":[{"href":"https:\/\/minigolflh.es\/es\/wp-json\/wp\/v2\/pages"}],"about":[{"href":"https:\/\/minigolflh.es\/es\/wp-json\/wp\/v2\/types\/page"}],"author":[{"embeddable":true,"href":"https:\/\/minigolflh.es\/es\/wp-json\/wp\/v2\/users\/1"}],"replies":[{"embeddable":true,"href":"https:\/\/minigolflh.es\/es\/wp-json\/wp\/v2\/comments?post=8658"}],"version-history":[{"count":39,"href":"https:\/\/minigolflh.es\/es\/wp-json\/wp\/v2\/pages\/8658\/revisions"}],"predecessor-version":[{"id":8843,"href":"https:\/\/minigolflh.es\/es\/wp-json\/wp\/v2\/pages\/8658\/revisions\/8843"}],"wp:attachment":[{"href":"https:\/\/minigolflh.es\/es\/wp-json\/wp\/v2\/media?parent=8658"}],"curies":[{"name":"wp","href":"https:\/\/api.w.org\/{rel}","templated":true}]}}